{"id":18,"date":"2022-01-19T13:37:28","date_gmt":"2022-01-19T13:37:28","guid":{"rendered":"https:\/\/horvatopg.hr\/?page_id=18"},"modified":"2022-01-21T11:22:47","modified_gmt":"2022-01-21T11:22:47","slug":"o-nama","status":"publish","type":"page","link":"https:\/\/horvatopg.hr\/?page_id=18","title":{"rendered":"O nama"},"content":{"rendered":"<p>OPG Andrija Horvat osnovan je 2004. godine i trenutno obra\u0111uje 11 hektara zemlje a bavi se ratarstvom i uzgojem svinja. Kulture koje proizvode su kukuruz, \u017eito, zob i je\u010dam i dio proizvode za potrebe prehrane svinja a dio je namijenjen za daljnju prodaju.&nbsp;<\/p>\n<p>Proizvodnja svinja svodi se na otprilike 100 komada godi\u0161nje.<\/p>\n<p>Od mehanizacije u svom posjedu ima 3 traktora sa svim potrebnim priklju\u010dcima za obradu zemlje a od nedavno OPG nudi i usluge poput mal\u010diranja, sijanja, obrade zemlji\u0161ta, baliranja, oranja ili tanjuranja.&nbsp;<\/p>\n<p>OPG nastoji pratiti najnovije trendove u postizanju kvalitetne proizvodnje te partipiciranjem u raznim projektnim mjerama nastoji investirati u opremu i pobolj\u0161anje procesa proizvodnje.&nbsp;<\/p>\n","protected":false},"excerpt":{"rendered":"<p>OPG Andrija Horvat osnovan je 2004. godine i trenutno obra\u0111uje 11 hektara zemlje a bavi se ratarstvom i uzgojem svinja. Kulture koje proizvode su kukuruz, \u017eito, zob i je\u010dam i dio proizvode za potrebe prehrane svinja a dio je namijenjen za daljnju prodaju.&nbsp; Proizvodnja&hellip;<\/p>\n","protected":false},"author":1,"featured_media":0,"parent":0,"menu_order":0,"comment_status":"closed","ping_status":"closed","template":"","meta":{"ngg_post_thumbnail":0,"footnotes":""},"class_list":["post-18","page","type-page","status-publish","hentry"],"_links":{"self":[{"href":"https:\/\/horvatopg.hr\/index.php?rest_route=\/wp\/v2\/pages\/18","targetHints":{"allow":["GET"]}}],"collection":[{"href":"https:\/\/horvatopg.hr\/index.php?rest_route=\/wp\/v2\/pages"}],"about":[{"href":"https:\/\/horvatopg.hr\/index.php?rest_route=\/wp\/v2\/types\/page"}],"author":[{"embeddable":true,"href":"https:\/\/horvatopg.hr\/index.php?rest_route=\/wp\/v2\/users\/1"}],"replies":[{"embeddable":true,"href":"https:\/\/horvatopg.hr\/index.php?rest_route=%2Fwp%2Fv2%2Fcomments&post=18"}],"version-history":[{"count":3,"href":"https:\/\/horvatopg.hr\/index.php?rest_route=\/wp\/v2\/pages\/18\/revisions"}],"predecessor-version":[{"id":75,"href":"https:\/\/horvatopg.hr\/index.php?rest_route=\/wp\/v2\/pages\/18\/revisions\/75"}],"wp:attachment":[{"href":"https:\/\/horvatopg.hr\/index.php?rest_route=%2Fwp%2Fv2%2Fmedia&parent=18"}],"curies":[{"name":"wp","href":"https:\/\/api.w.org\/{rel}","templated":true}]}}