{"id":24,"date":"2022-01-19T13:38:17","date_gmt":"2022-01-19T13:38:17","guid":{"rendered":"https:\/\/horvatopg.hr\/?page_id=24"},"modified":"2023-05-25T13:00:33","modified_gmt":"2023-05-25T13:00:33","slug":"mjera-6-2-1","status":"publish","type":"page","link":"https:\/\/horvatopg.hr\/?page_id=24","title":{"rendered":"Mjera 6.2.1"},"content":{"rendered":"<p>NAZIV PROJEKTA:<br \/>\nUsluge u poljoprivredi OPG Andrija Hrovat<\/p>\n<p><img loading=\"lazy\" decoding=\"async\" class=\"size-medium wp-image-107 aligncenter\" src=\"https:\/\/horvatopg.hr\/wp-content\/uploads\/2023\/05\/Fond-300x192.png\" alt=\"\" width=\"300\" height=\"192\" srcset=\"https:\/\/horvatopg.hr\/wp-content\/uploads\/2023\/05\/Fond-300x192.png 300w, https:\/\/horvatopg.hr\/wp-content\/uploads\/2023\/05\/Fond-370x237.png 370w, https:\/\/horvatopg.hr\/wp-content\/uploads\/2023\/05\/Fond.png 538w\" sizes=\"auto, (max-width: 300px) 100vw, 300px\" \/>OPIS PROJEKTA:<\/p>\n<p>Predmet projekta je kupnja poljoprivredne mehanizacije traktora i sija\u010dice, pluga te sija\u010dice kojima \u0107e se pru\u017eati usluge u poljoprivredi. Ovim projektom pokrenut \u0107e se nova diversificirana djelatnost \u2013 pru\u017eanje usluga poljoprivrednom mehanizacijom. Projekt je osmi\u0161ljen s namjerom da doprinese ostvarenju cilja \u2013 uspostavi nove djelatnosti uz stvaranje novog radnog mjesta. Potencijalni korisnici usluga su poljoprivrednici kojima je potrebna ovakva vrsta usluge, a istra\u017eivanjem tr\u017ei\u0161ta uvidjeli smo potrebu za istim budu\u0107i da \u017eivimo u ruralnom podru\u010dju gdje je poljoprivreda prete\u017eita djelatnost. Nova diversificirana djelatnost direktno utje\u010de na pove\u0107anje dodatne vrijednosti OPG-a Andrija Horvat. Rezultati projekta u kona\u010dnici biti \u0107e novo radno mjesto te pove\u0107an \u017eivotni standard obiteljskog poljoprivrednog gospodarstva.<\/p>\n<p>AKTIVNOSTI:<br \/>\n\u2013 kupnja novog traktora<\/p>\n<p>VRIJEDNOST PROJEKTA:<br \/>\n50.000,00 Eura<\/p>\n","protected":false},"excerpt":{"rendered":"<p>NAZIV PROJEKTA: Usluge u poljoprivredi OPG Andrija Hrovat OPIS PROJEKTA: Predmet projekta je kupnja poljoprivredne mehanizacije traktora i sija\u010dice, pluga te sija\u010dice kojima \u0107e se pru\u017eati usluge u poljoprivredi. Ovim projektom pokrenut \u0107e se nova diversificirana djelatnost \u2013 pru\u017eanje usluga poljoprivrednom mehanizacijom. Projekt je&hellip;<\/p>\n","protected":false},"author":1,"featured_media":0,"parent":0,"menu_order":0,"comment_status":"closed","ping_status":"closed","template":"","meta":{"ngg_post_thumbnail":0,"footnotes":""},"class_list":["post-24","page","type-page","status-publish","hentry"],"_links":{"self":[{"href":"https:\/\/horvatopg.hr\/index.php?rest_route=\/wp\/v2\/pages\/24","targetHints":{"allow":["GET"]}}],"collection":[{"href":"https:\/\/horvatopg.hr\/index.php?rest_route=\/wp\/v2\/pages"}],"about":[{"href":"https:\/\/horvatopg.hr\/index.php?rest_route=\/wp\/v2\/types\/page"}],"author":[{"embeddable":true,"href":"https:\/\/horvatopg.hr\/index.php?rest_route=\/wp\/v2\/users\/1"}],"replies":[{"embeddable":true,"href":"https:\/\/horvatopg.hr\/index.php?rest_route=%2Fwp%2Fv2%2Fcomments&post=24"}],"version-history":[{"count":5,"href":"https:\/\/horvatopg.hr\/index.php?rest_route=\/wp\/v2\/pages\/24\/revisions"}],"predecessor-version":[{"id":108,"href":"https:\/\/horvatopg.hr\/index.php?rest_route=\/wp\/v2\/pages\/24\/revisions\/108"}],"wp:attachment":[{"href":"https:\/\/horvatopg.hr\/index.php?rest_route=%2Fwp%2Fv2%2Fmedia&parent=24"}],"curies":[{"name":"wp","href":"https:\/\/api.w.org\/{rel}","templated":true}]}}